{"id":9,"date":"2018-12-21T14:53:25","date_gmt":"2018-12-21T14:53:25","guid":{"rendered":"http:\/\/ferienhaus-heidi.de\/?page_id=9"},"modified":"2019-12-03T17:21:51","modified_gmt":"2019-12-03T17:21:51","slug":"umgebung","status":"publish","type":"page","link":"https:\/\/ferienhaus-heidi.de\/?page_id=9","title":{"rendered":"Ausflugsziele"},"content":{"rendered":"\n<div class=\"wp-block-media-text alignwide\" style=\"grid-template-columns:29% auto\"><figure class=\"wp-block-media-text__media\"><img loading=\"lazy\" decoding=\"async\" width=\"600\" height=\"384\" src=\"http:\/\/ferienhaus-heidi.de\/wp-content\/uploads\/2019\/03\/sgb20190224_001.jpg\" alt=\"\" class=\"wp-image-73\" srcset=\"https:\/\/ferienhaus-heidi.de\/wp-content\/uploads\/2019\/03\/sgb20190224_001.jpg 600w, https:\/\/ferienhaus-heidi.de\/wp-content\/uploads\/2019\/03\/sgb20190224_001-300x192.jpg 300w\" sizes=\"(max-width: 600px) 100vw, 600px\" \/><\/figure><div class=\"wp-block-media-text__content\">\n<p class=\"has-large-font-size\"><\/p>\n<\/div><\/div>\n\n\n\n<table class=\"wp-block-table is-style-regular\"><tbody><tr><td>.<strong>.. von Harzgerode aus<\/strong><\/td><td><strong>Entfernung in Km<\/strong><\/td><\/tr><tr><td><a href=\"http:\/\/www.selketalbahn.de\/\">Selketalbahn<\/a><\/td><td>0<\/td><\/tr><tr><td>Teufelsmauer Thale<\/td><td>25<\/td><\/tr><tr><td>Quedlinburg Schloss<\/td><td>27<\/td><\/tr><tr><td><a href=\"https:\/\/www.burg-falkenstein.de\/\">Burg Falkenstein<\/a><\/td><td>27<\/td><\/tr><tr><td>Hexentanzplatz Thale<\/td><td>28<\/td><\/tr><tr><td>Rappbodetalsperre<\/td><td>32<\/td><\/tr><tr><td> <a href=\"https:\/\/www.harzdrenalin.de\/\">Harzdrenalin<\/a> <\/td><td>32<\/td><\/tr><tr><td>Ro\u00dftrappe Thale<\/td><td>33<\/td><\/tr><tr><td><a href=\"https:\/\/europa-rosarium.de\/\">Rosarium Sangerhausen<\/a><\/td><td>33<\/td><\/tr><tr><td><a href=\"https:\/\/www.burg-regenstein.de\/\">Burg Regenstein Blankenburg<\/a><\/td><td>39<\/td><\/tr><tr><td>Baumannsh\u00f6hle R\u00fcbeland<\/td><td>40<\/td><\/tr><tr><td><a href=\"http:\/\/brocken.biz\/\">Brocken<\/a><\/td><td>64<\/td><\/tr><\/tbody><\/table>\n\n\n\n<p><\/p>\n","protected":false},"excerpt":{"rendered":"<p>&#8230; von Harzgerode aus Entfernung in Km Selketalbahn 0 Teufelsmauer Thale 25 Quedlinburg Schloss 27 Burg Falkenstein 27 Hexentanzplatz Thale 28 Rappbodetalsperre 32 Harzdrenalin 32 Ro\u00dftrappe Thale 33 Rosarium Sangerhausen 33 Burg Regenstein Blankenburg 39 Baumannsh\u00f6hle R\u00fcbeland 40 Brocken 64<\/p>\n","protected":false},"author":1,"featured_media":0,"parent":0,"menu_order":0,"comment_status":"closed","ping_status":"closed","template":"","meta":{"footnotes":""},"_links":{"self":[{"href":"https:\/\/ferienhaus-heidi.de\/index.php?rest_route=\/wp\/v2\/pages\/9"}],"collection":[{"href":"https:\/\/ferienhaus-heidi.de\/index.php?rest_route=\/wp\/v2\/pages"}],"about":[{"href":"https:\/\/ferienhaus-heidi.de\/index.php?rest_route=\/wp\/v2\/types\/page"}],"author":[{"embeddable":true,"href":"https:\/\/ferienhaus-heidi.de\/index.php?rest_route=\/wp\/v2\/users\/1"}],"replies":[{"embeddable":true,"href":"https:\/\/ferienhaus-heidi.de\/index.php?rest_route=%2Fwp%2Fv2%2Fcomments&post=9"}],"version-history":[{"count":12,"href":"https:\/\/ferienhaus-heidi.de\/index.php?rest_route=\/wp\/v2\/pages\/9\/revisions"}],"predecessor-version":[{"id":147,"href":"https:\/\/ferienhaus-heidi.de\/index.php?rest_route=\/wp\/v2\/pages\/9\/revisions\/147"}],"wp:attachment":[{"href":"https:\/\/ferienhaus-heidi.de\/index.php?rest_route=%2Fwp%2Fv2%2Fmedia&parent=9"}],"curies":[{"name":"wp","href":"https:\/\/api.w.org\/{rel}","templated":true}]}}