{"id":8,"date":"2018-12-21T14:53:25","date_gmt":"2018-12-21T14:53:25","guid":{"rendered":"http:\/\/ferienhaus-heidi.de\/?page_id=8"},"modified":"2019-04-13T07:50:51","modified_gmt":"2019-04-13T07:50:51","slug":"haus","status":"publish","type":"page","link":"https:\/\/ferienhaus-heidi.de\/","title":{"rendered":"Haus"},"content":{"rendered":"\n<div class=\"alignnormal\"><div id=\"metaslider-id-37\" style=\"max-width: 1500px;\" class=\"ml-slider-3-107-0 metaslider metaslider-responsive metaslider-37 ml-slider has-dots-nav ms-theme-simply-dark\" role=\"region\" aria-label=\"Haus\" data-height=\"1100\" data-width=\"1500\">\n    <div id=\"metaslider_container_37\">\n        <ul id='metaslider_37' class='rslides'>\n            <li aria-roledescription='slide' aria-labelledby='slide-0'><img loading=\"lazy\" decoding=\"async\" src=\"https:\/\/ferienhaus-heidi.de\/wp-content\/uploads\/2019\/03\/vlcsnap-2019-03-19-16h35m31s940-1486x1090.png\" height=\"1100\" width=\"1500\" alt=\"\" class=\"slider-37 slide-54 msDefaultImage\" title=\"vlcsnap-2019-03-19-16h35m31s940\" \/><\/li>\n            <li style='display: none;' aria-roledescription='slide' aria-labelledby='slide-1'><img loading=\"lazy\" decoding=\"async\" src=\"https:\/\/ferienhaus-heidi.de\/wp-content\/uploads\/2019\/03\/vlcsnap-2019-03-19-16h35m44s142-1486x1090.png\" height=\"1100\" width=\"1500\" alt=\"\" class=\"slider-37 slide-55 msDefaultImage\" title=\"vlcsnap-2019-03-19-16h35m44s142\" \/><\/li>\n            <li style='display: none;' aria-roledescription='slide' aria-labelledby='slide-2'><img loading=\"lazy\" decoding=\"async\" src=\"https:\/\/ferienhaus-heidi.de\/wp-content\/uploads\/2019\/03\/vlcsnap-2019-03-19-16h36m53s166-1486x1090.png\" height=\"1100\" width=\"1500\" alt=\"\" class=\"slider-37 slide-60 msDefaultImage\" title=\"vlcsnap-2019-03-19-16h36m53s166\" \/><\/li>\n            <li style='display: none;' aria-roledescription='slide' aria-labelledby='slide-3'><img loading=\"lazy\" decoding=\"async\" src=\"https:\/\/ferienhaus-heidi.de\/wp-content\/uploads\/2019\/03\/vlcsnap-2019-03-19-16h36m41s986-1486x1090.png\" height=\"1100\" width=\"1500\" alt=\"\" class=\"slider-37 slide-59 msDefaultImage\" title=\"vlcsnap-2019-03-19-16h36m41s986\" \/><\/li>\n            <li style='display: none;' aria-roledescription='slide' aria-labelledby='slide-4'><img loading=\"lazy\" decoding=\"async\" src=\"https:\/\/ferienhaus-heidi.de\/wp-content\/uploads\/2019\/03\/vlcsnap-2019-03-19-16h34m43s138-1486x1090.png\" height=\"1100\" width=\"1500\" alt=\"\" class=\"slider-37 slide-53 msDefaultImage\" title=\"vlcsnap-2019-03-19-16h34m43s138\" \/><\/li>\n            <li style='display: none;' aria-roledescription='slide' aria-labelledby='slide-5'><img loading=\"lazy\" decoding=\"async\" src=\"https:\/\/ferienhaus-heidi.de\/wp-content\/uploads\/2019\/03\/vlcsnap-2019-03-19-16h36m05s207-1486x1090.png\" height=\"1100\" width=\"1500\" alt=\"\" class=\"slider-37 slide-56 msDefaultImage\" title=\"vlcsnap-2019-03-19-16h36m05s207\" \/><\/li>\n            <li style='display: none;' aria-roledescription='slide' aria-labelledby='slide-6'><img loading=\"lazy\" decoding=\"async\" src=\"https:\/\/ferienhaus-heidi.de\/wp-content\/uploads\/2019\/03\/vlcsnap-2019-03-19-16h36m16s848-1486x1090.png\" height=\"1100\" width=\"1500\" alt=\"\" class=\"slider-37 slide-57 msDefaultImage\" title=\"vlcsnap-2019-03-19-16h36m16s848\" \/><\/li>\n            <li style='display: none;' aria-roledescription='slide' aria-labelledby='slide-7'><img loading=\"lazy\" decoding=\"async\" src=\"https:\/\/ferienhaus-heidi.de\/wp-content\/uploads\/2019\/03\/vlcsnap-2019-03-19-16h36m29s604-1486x1090.png\" height=\"1100\" width=\"1500\" alt=\"\" class=\"slider-37 slide-58 msDefaultImage\" title=\"vlcsnap-2019-03-19-16h36m29s604\" \/><\/li>\n            <li style='display: none;' aria-roledescription='slide' aria-labelledby='slide-8'><img loading=\"lazy\" decoding=\"async\" src=\"https:\/\/ferienhaus-heidi.de\/wp-content\/uploads\/2021\/01\/ddec41d0-f5d2-4fa5-8240-ed8afabbabb8-1200x880.jpg\" height=\"1100\" width=\"1500\" alt=\"\" class=\"slider-37 slide-150 msDefaultImage\" title=\"ddec41d0-f5d2-4fa5-8240-ed8afabbabb8\" \/><\/li>\n        <\/ul>\n        \n    <\/div>\n<\/div><\/div>\n\n\n\n<p>Gem\u00fctlich eingerichtetes Ferienhaus mit 70m\u00b2 Wohnfl\u00e4che f\u00fcr bis zu 4 Personen, am Waldrand zum Selketal. Zwei Schlafzimmer, gro\u00dfes Wohnzimmer und separate K\u00fcche mit Bunzlauer Keramik Vollausstattung. Geschirrsp\u00fcler, Waschmaschine und 2. Toilette. Garten mit Teich und Terrasse laden zum Grillen ein. Kostenfreies WLAN, Bus und Selketalbahn, sowie Einkaufsmarkt in 10 Min. zu Fu\u00df erreichbar.<\/p>\n","protected":false},"excerpt":{"rendered":"<p>Gem\u00fctlich eingerichtetes Ferienhaus mit 70m\u00b2 Wohnfl\u00e4che f\u00fcr bis zu 4 Personen, am Waldrand zum Selketal. Zwei Schlafzimmer, gro\u00dfes Wohnzimmer und separate K\u00fcche mit Bunzlauer Keramik Vollausstattung. Geschirrsp\u00fcler, Waschmaschine und 2. Toilette. Garten mit Teich und Terrasse laden zum Grillen ein. Kostenfreies WLAN, Bus und Selketalbahn, sowie Einkaufsmarkt in 10 Min. zu Fu\u00df erreichbar.<\/p>\n","protected":false},"author":1,"featured_media":0,"parent":0,"menu_order":0,"comment_status":"closed","ping_status":"closed","template":"","meta":{"footnotes":""},"_links":{"self":[{"href":"https:\/\/ferienhaus-heidi.de\/index.php?rest_route=\/wp\/v2\/pages\/8"}],"collection":[{"href":"https:\/\/ferienhaus-heidi.de\/index.php?rest_route=\/wp\/v2\/pages"}],"about":[{"href":"https:\/\/ferienhaus-heidi.de\/index.php?rest_route=\/wp\/v2\/types\/page"}],"author":[{"embeddable":true,"href":"https:\/\/ferienhaus-heidi.de\/index.php?rest_route=\/wp\/v2\/users\/1"}],"replies":[{"embeddable":true,"href":"https:\/\/ferienhaus-heidi.de\/index.php?rest_route=%2Fwp%2Fv2%2Fcomments&post=8"}],"version-history":[{"count":11,"href":"https:\/\/ferienhaus-heidi.de\/index.php?rest_route=\/wp\/v2\/pages\/8\/revisions"}],"predecessor-version":[{"id":132,"href":"https:\/\/ferienhaus-heidi.de\/index.php?rest_route=\/wp\/v2\/pages\/8\/revisions\/132"}],"wp:attachment":[{"href":"https:\/\/ferienhaus-heidi.de\/index.php?rest_route=%2Fwp%2Fv2%2Fmedia&parent=8"}],"curies":[{"name":"wp","href":"https:\/\/api.w.org\/{rel}","templated":true}]}}